{"id":9,"date":"2018-11-14T07:32:04","date_gmt":"2018-11-14T06:32:04","guid":{"rendered":"http:\/\/bibleetjardins.com\/?page_id=9"},"modified":"2025-03-03T01:03:02","modified_gmt":"2025-03-03T00:03:02","slug":"a-propos-de","status":"publish","type":"page","link":"https:\/\/bibleetjardins.com\/index.php\/a-propos-de\/","title":{"rendered":"\u00c0 propos de"},"content":{"rendered":"\n<blockquote class=\"wp-block-quote is-layout-flow wp-block-quote-is-layout-flow\">\n<p>La v\u00e9rit\u00e9 germera de la terre, et la justice regardera des cieux.<br>L&rsquo;\u00c9ternel aussi donnera ses biens, et notre terre donnera ses fruits.<\/p>\n<cite>Psaumes 85 v 11-12<\/cite><\/blockquote>\n\n\n\n<h3 class=\"wp-block-heading\">Au sujet de l&rsquo;auteur<\/h3>\n\n\n\n<p>Nathana\u00ebl Bechdolff commence \u00e0 jardiner \u00e0 l\u2019\u00e2ge de 14 ans en profitant de l\u2019exp\u00e9rience transmise par quelques paysans du petit village d&rsquo;Ard\u00e8che o\u00f9 il vivait.<\/p>\n\n\n\n<p>Sa famille est originaire d\u2019Alsace mais il est n\u00e9 \u00e0 Valence (Dr\u00f4me) le 15 d\u00e9cembre 1959. Il a v\u00e9cu en milieu rural depuis sa tendre enfance, entour\u00e9 de nature \u00e0 Chalencon, petit village d\u2019Ard\u00e8che qu\u2019il a quitt\u00e9 \u00e0 30 ans.<\/p>\n\n\n\n<p>Il d\u00e9couvre la foi \u00e0 l&rsquo;\u00e2ge de 14 ans, au cours Isaac Homel \u00e0 Charmes sur Rh\u00f4ne (\u00e9cole priv\u00e9e chr\u00e9tienne, ferm\u00e9e depuis, d\u00e9pendant de l\u2019Union de Pri\u00e8re de Charmes). Il a \u00e9t\u00e9 baptis\u00e9 dans l\u2019\u00c9glise R\u00e9form\u00e9e de Chalencon par immersion, le 1<sup>er<\/sup> juin 1974. Lors d\u2019une convention au centre chr\u00e9tien de Gagni\u00e8res (Gard), il est baptis\u00e9 du Saint Esprit en ao\u00fbt 1974.<\/p>\n\n\n\n<p>C\u2019est par passion qu\u2019il se dirige vers une formation agricole et obtient un brevet de technicien agricole avec mention en 1979. Autodictate, il a toujours v\u00e9cu en contact avec la nature, la ruralit\u00e9 et le monde paysan. <\/p>\n\n\n\n<p>Il dispose de plusieurs exp\u00e9riences et formations professionnelles dans diff\u00e9rents domaines : humanitaire, logistique, transport, distribution de l\u2019eau, taxi-ambulance, formateur, management, comptabilit\u00e9, gestion\u2026 <\/p>\n\n\n\n<p>Sapeur-pompier volontaire durant 25 ans, dont 7 ans comme Chef de Centre \u00e0 Portes-L\u00e8s-Valence (Dr\u00f4me) il place l\u2019humain, l\u2019entraide et le partage en premier dans ses valeurs. Il est all\u00e9 par trois fois en Afrique s\u2019occuper de population en situations de crises : guerre et r\u00e9fugi\u00e9s au Sud Soudan, risque de famine au Tchad, avec l\u2019ONG MEDAIR.<\/p>\n\n\n\n<p>Professionnellement, il a \u00e9t\u00e9 paysagiste, \u00e0 son compte de 1998 \u00e0 2015 en Dr\u00f4me et en Ard\u00e8che. Il a cr\u00e9\u00e9 des jardins en s\u2019inspirant de la nature et en se sp\u00e9cialisant sur les baignades naturelles, la v\u00e9g\u00e9talisation des murs et toitures, la phyto\u00e9puration. Apr\u00e8s la fermeture de son entreprise, il s\u2019oriente vers une activit\u00e9 lui permettant de partager son exp\u00e9rience comme paysagiste-formateur au sein d\u2019une coop\u00e9rative d\u2019activit\u00e9 et d\u2019entrepreneurs Natura SCOP.<\/p>\n\n\n\n<p>Il s\u2019est form\u00e9 \u00e0 la permaculture (cours de conception \u00e0 la permaculture en 2018 \u00e0 la Ferme de Cagnolle en Dordogne) et il est formateur \u2013 designer en permaculture apr\u00e8s avoir suivi une formation de formateur en permaculture avec Rosemary Morrow (2018 \u00e0 Juran\u00e7on). Cette formation a \u00e9t\u00e9&nbsp;<a aria-label=\"Il dispose de plusieurs exp\u00e9riences et formations professionnelles dans diff\u00e9rents domaines : humanitaire, logistique, transport, distribution de l\u2019eau, taxi-ambulance, formateur, management, comptabilit\u00e9, gestion\u2026 Apr\u00e8s un Cours de Concept en Permaculture durant l'\u00e9t\u00e9 2017, il a continu\u00e9 avec une  Formation d'Enseignant en Permaculture selon la m\u00e9thode de Rosemary Morrow. Cette formation a \u00e9t\u00e9 certifi\u00e9 le 2 juin 2018.  (s\u2019ouvre dans un nouvel onglet)\" href=\"http:\/\/bibleetjardins.com\/wp-content\/uploads\/2018\/12\/Certificat-FEP-Nathana\u00ebl-Bechdolff.pdf\" target=\"_blank\" rel=\"noreferrer noopener\">certifi\u00e9e le 2 juin 2018<\/a><\/p>\n\n\n\n<p>Il est l\u2019initiateur d\u2019un projet de jardin botanique \u00a0\u00bb <a href=\"https:\/\/www.jardinsdechanabier.com\/\">Les Jardins de Chanabier<\/a> \u00ab\u00a0, sur le th\u00e8me des plantes de la Bible port\u00e9 par l\u2019association Myrte et Papyrus. Il est aussi pr\u00e9sident de l\u2019association, agr\u00e9\u00e9e par l\u2019UDAF de l\u2019Ard\u00e8che, Marius et P\u00e2querette qui a une boutique solidaire \u00e0 Joyeuse (Ard\u00e8che). Ces deux associations sont partenaires pour la cr\u00e9ation d\u2019un jardin solidaire et partag\u00e9 sur Rosi\u00e8res qui fonctionne depuis avril 2023. Des formations \u00e0 la permaculture sont organis\u00e9es dans ce jardin cultiv\u00e9 sur \u00ab&nbsp;sols vivants&nbsp;\u00bb<\/p>\n\n\n\n<p>Il a \u00e9crit une quarantaine de chroniques estivales sur les plantes de la Bible. Ces chroniques ont \u00e9t\u00e9 diffus\u00e9es de 2017 \u00e0 2021, sur la radio RCF Ard\u00e8che et Dr\u00f4me. Un livre regroupant ces chroniques avec des compl\u00e9ments et un cd des enregistrements est en cours d&rsquo;\u00e9criture.<\/p>\n\n\n\n<blockquote class=\"wp-block-quote is-style-default is-layout-flow wp-block-quote-is-layout-flow\">\n<p>\u00ab\u00a0Semons ensemble l&rsquo;avenir dans nos jardins, l&rsquo;esp\u00e9rance en portera les fruits\u00a0\u00bb&nbsp;<\/p>\n<cite>Nathana\u00ebl Bechdolff<\/cite><\/blockquote>\n\n\n\n<p>Photo Jonathan Bdlf \u00a9 2021 <a href=\"https:\/\/jonathan-bdlf.fr\/\" target=\"_blank\" rel=\"noreferrer noopener\">jonathan-bdlf.fr<\/a><\/p>\n\n\n<p>Ce site est le blog personnel de Nathana\u00ebl Bechdolff \u00a9 2016-2025<br \/>Tous droits r\u00e9serv\u00e9s. Reproduction interdite sans autorisation.<br \/>Sauf mention contraire, les photos de ce site ont \u00e9t\u00e9 prise par Nathana\u00ebl Bechdolff.\u00a0<\/p>\n<p>Pour toute question ou remarque li\u00e9es \u00e0 ce site, veuillez m&rsquo;\u00e9crire via la <a href=\"http:\/\/bibleetjardins.com\/index.php\/contact\/\">page contact<\/a><\/p>","protected":false},"excerpt":{"rendered":"<p>La v\u00e9rit\u00e9 germera de la terre, et la justice regardera des cieux.L&rsquo;\u00c9ternel aussi donnera ses biens, et notre terre donnera ses fruits. Psaumes 85 v 11-12 Au sujet de l&rsquo;auteur Nathana\u00ebl Bechdolff commence \u00e0 jardiner \u00e0 l\u2019\u00e2ge de 14 ans en profitant de l\u2019exp\u00e9rience transmise par quelques paysans du petit village d&rsquo;Ard\u00e8che o\u00f9 il vivait. [&hellip;]<\/p>\n","protected":false},"author":1,"featured_media":233,"parent":0,"menu_order":0,"comment_status":"closed","ping_status":"closed","template":"","meta":{"_exactmetrics_skip_tracking":false,"_exactmetrics_sitenote_active":false,"_exactmetrics_sitenote_note":"","_exactmetrics_sitenote_category":0,"footnotes":""},"class_list":["post-9","page","type-page","status-publish","has-post-thumbnail","hentry"],"aioseo_notices":[],"_links":{"self":[{"href":"https:\/\/bibleetjardins.com\/index.php\/wp-json\/wp\/v2\/pages\/9","targetHints":{"allow":["GET"]}}],"collection":[{"href":"https:\/\/bibleetjardins.com\/index.php\/wp-json\/wp\/v2\/pages"}],"about":[{"href":"https:\/\/bibleetjardins.com\/index.php\/wp-json\/wp\/v2\/types\/page"}],"author":[{"embeddable":true,"href":"https:\/\/bibleetjardins.com\/index.php\/wp-json\/wp\/v2\/users\/1"}],"replies":[{"embeddable":true,"href":"https:\/\/bibleetjardins.com\/index.php\/wp-json\/wp\/v2\/comments?post=9"}],"version-history":[{"count":16,"href":"https:\/\/bibleetjardins.com\/index.php\/wp-json\/wp\/v2\/pages\/9\/revisions"}],"predecessor-version":[{"id":420,"href":"https:\/\/bibleetjardins.com\/index.php\/wp-json\/wp\/v2\/pages\/9\/revisions\/420"}],"wp:featuredmedia":[{"embeddable":true,"href":"https:\/\/bibleetjardins.com\/index.php\/wp-json\/wp\/v2\/media\/233"}],"wp:attachment":[{"href":"https:\/\/bibleetjardins.com\/index.php\/wp-json\/wp\/v2\/media?parent=9"}],"curies":[{"name":"wp","href":"https:\/\/api.w.org\/{rel}","templated":true}]}}