{"id":521,"date":"2026-02-01T22:43:19","date_gmt":"2026-02-01T21:43:19","guid":{"rendered":"https:\/\/bibleetjardins.com\/?page_id=521"},"modified":"2026-02-01T22:53:06","modified_gmt":"2026-02-01T21:53:06","slug":"mes-lectures","status":"publish","type":"page","link":"https:\/\/bibleetjardins.com\/index.php\/mes-lectures\/","title":{"rendered":"Mes lectures"},"content":{"rendered":"\n<p>Dans cette section de mon blog <a href=\"https:\/\/bibleetjardins.com\/\" target=\"_blank\" rel=\"noopener\" title=\"\">Bible et Jardins<\/a>, je vous partage <a href=\"https:\/\/bibleetjardins.com\/index.php\/category\/lectures\/\" target=\"_blank\" rel=\"noopener\" title=\"\">mes lectures<\/a>, mes coups de c\u0153ur ou mon avis sur les livres que j&rsquo;ai lus. Certains livres ont un lien avec ma propre histoire. Dans ce cas, je m&rsquo;attache \u00e0 montrer ce lien et \u00e0 rendre votre lecture plus vivante.<\/p>\n\n\n\n<p>Outre les <a href=\"https:\/\/www.decitre.fr\/blog\/bienfaits-de-la-lecture\" target=\"_blank\" rel=\"noopener\" title=\"\">bienfaits de la lecture<\/a>, lire permet aussi de s&rsquo;informer, de savoir, de partager, d&rsquo;analyser, d&rsquo;imaginer&#8230; Lire favorise aussi la r\u00e9flexion.<\/p>\n\n\n\n<div class=\"wp-block-group has-base-background-color has-background has-global-padding is-layout-constrained wp-container-core-group-is-layout-86dba5ee wp-block-group-is-layout-constrained\" style=\"border-top-left-radius:31px;border-top-right-radius:31px;border-bottom-left-radius:31px;border-bottom-right-radius:31px;padding-top:var(--wp--preset--spacing--10);padding-right:var(--wp--preset--spacing--10);padding-bottom:var(--wp--preset--spacing--10);padding-left:var(--wp--preset--spacing--10)\">\n<p><em>Personnellement, je me rappelle que je lisais beaucoup d&rsquo;articles agricoles quand je faisais mes \u00e9tudes. J&rsquo;\u00e9tais abonn\u00e9 \u00e0 <a href=\"https:\/\/www.lafranceagricole.fr\/\" target=\"_blank\" rel=\"noopener\" title=\"\">la France Agricole<\/a>. Cela me permettait de faire le lien entre la th\u00e9orie des cours et le v\u00e9cu partag\u00e9 par des agriculteurs ou des agronomes. <\/em><\/p>\n\n\n\n<p><em>Par la suite cela m&rsquo;a aid\u00e9 \u00e0 faire \u00e9voluer mes savoir-faire et mes savoir-\u00eatre. Cela m&rsquo;a permis de m&rsquo;ouvrir aux autres, de partager des moments inoubliables, de vivre des exp\u00e9riences en France, en Europe ou en Afrique. Lire a \u00e9t\u00e9 aussi une n\u00e9cessit\u00e9 dans mes activit\u00e9s b\u00e9n\u00e9voles ou associatives, dans la pr\u00e9paration au situations d&rsquo;urgence avec M\u00e9dair, dans mon parcours de sapeur pompier volontaire en Ard\u00e8che et en Dr\u00f4me. <\/em><\/p>\n\n\n\n<p><em>Puis avec mon m\u00e9tier de formateur en permaculture, je m&rsquo;informe, me cultive, compl\u00e8te mes savoirs avec de nombreux livres. Je ne reste pas sur mes acquis, je lis pour progresser vers un plus bel avenir.  <\/em><\/p>\n<\/div>\n\n\n\n<details class=\"wp-block-details is-style-default is-layout-flow wp-block-details-is-layout-flow\" open><summary><strong>Cliquez ici pour voir mes r\u00e9centes lectures<\/strong> *<\/summary>\n<div class=\"wp-block-columns is-layout-flex wp-container-core-columns-is-layout-28f84493 wp-block-columns-is-layout-flex\">\n<div class=\"wp-block-column is-layout-flow wp-block-column-is-layout-flow\">\n<figure class=\"wp-block-embed is-type-wp-embed is-provider-bible-et-jardins wp-block-embed-bible-et-jardins\"><div class=\"wp-block-embed__wrapper\">\n<blockquote class=\"wp-embedded-content\" data-secret=\"p2Y3TB7aq8\"><a href=\"https:\/\/bibleetjardins.com\/index.php\/2026\/02\/01\/lextraordinaire-vie-de-madame-famille\/\">L&rsquo;extraordinaire vie de Madame Famille<\/a><\/blockquote><iframe loading=\"lazy\" class=\"wp-embedded-content\" sandbox=\"allow-scripts\" security=\"restricted\" style=\"position: absolute; visibility: hidden;\" title=\"\u00ab\u00a0L&rsquo;extraordinaire vie de Madame Famille\u00a0\u00bb &#8212; Bible et Jardins\" src=\"https:\/\/bibleetjardins.com\/index.php\/2026\/02\/01\/lextraordinaire-vie-de-madame-famille\/embed\/#?secret=LeRZwAlNrY#?secret=p2Y3TB7aq8\" data-secret=\"p2Y3TB7aq8\" width=\"500\" height=\"282\" frameborder=\"0\" marginwidth=\"0\" marginheight=\"0\" scrolling=\"no\"><\/iframe>\n<\/div><\/figure>\n<\/div>\n\n\n\n<div class=\"wp-block-column is-layout-flow wp-block-column-is-layout-flow\"><\/div>\n<\/div>\n<\/details>\n\n\n\n<p>* Les articles sont class\u00e9s du plus r\u00e9cent au plus ancien. <\/p>\n\n\n\n<div class=\"wp-block-buttons is-horizontal is-content-justification-left is-layout-flex wp-container-core-buttons-is-layout-20be11b6 wp-block-buttons-is-layout-flex\">\n<div class=\"wp-block-button has-custom-width wp-block-button__width-100 is-style-fill\"><a class=\"wp-block-button__link has-medium-font-size has-custom-font-size wp-element-button\" href=\"https:\/\/bibleetjardins.com\/index.php\/category\/lectures\/\"><strong>Cliquez ici pour voir l&rsquo;ensemble de mes lectures<\/strong><\/a><\/div>\n<\/div>\n\n\n\n<p><\/p>\n","protected":false},"excerpt":{"rendered":"<p>Dans cette section de mon blog Bible et Jardins, je vous partage mes lectures, mes coups de c\u0153ur ou mon avis sur les livres que j&rsquo;ai lus. Certains livres ont un lien avec ma propre histoire. Dans ce cas, je m&rsquo;attache \u00e0 montrer ce lien et \u00e0 rendre votre lecture plus vivante. Outre les bienfaits [&hellip;]<\/p>\n","protected":false},"author":1,"featured_media":528,"parent":0,"menu_order":0,"comment_status":"closed","ping_status":"closed","template":"","meta":{"_exactmetrics_skip_tracking":false,"_exactmetrics_sitenote_active":false,"_exactmetrics_sitenote_note":"","_exactmetrics_sitenote_category":0,"footnotes":""},"class_list":["post-521","page","type-page","status-publish","has-post-thumbnail","hentry"],"aioseo_notices":[],"_links":{"self":[{"href":"https:\/\/bibleetjardins.com\/index.php\/wp-json\/wp\/v2\/pages\/521","targetHints":{"allow":["GET"]}}],"collection":[{"href":"https:\/\/bibleetjardins.com\/index.php\/wp-json\/wp\/v2\/pages"}],"about":[{"href":"https:\/\/bibleetjardins.com\/index.php\/wp-json\/wp\/v2\/types\/page"}],"author":[{"embeddable":true,"href":"https:\/\/bibleetjardins.com\/index.php\/wp-json\/wp\/v2\/users\/1"}],"replies":[{"embeddable":true,"href":"https:\/\/bibleetjardins.com\/index.php\/wp-json\/wp\/v2\/comments?post=521"}],"version-history":[{"count":11,"href":"https:\/\/bibleetjardins.com\/index.php\/wp-json\/wp\/v2\/pages\/521\/revisions"}],"predecessor-version":[{"id":538,"href":"https:\/\/bibleetjardins.com\/index.php\/wp-json\/wp\/v2\/pages\/521\/revisions\/538"}],"wp:featuredmedia":[{"embeddable":true,"href":"https:\/\/bibleetjardins.com\/index.php\/wp-json\/wp\/v2\/media\/528"}],"wp:attachment":[{"href":"https:\/\/bibleetjardins.com\/index.php\/wp-json\/wp\/v2\/media?parent=521"}],"curies":[{"name":"wp","href":"https:\/\/api.w.org\/{rel}","templated":true}]}}