{"id":461,"date":"2025-08-14T11:10:02","date_gmt":"2025-08-14T09:10:02","guid":{"rendered":"https:\/\/bibleetjardins.com\/index.php\/cookie-policy\/"},"modified":"2025-08-14T11:21:50","modified_gmt":"2025-08-14T09:21:50","slug":"cookie-policy","status":"publish","type":"page","link":"https:\/\/bibleetjardins.com\/index.php\/cookie-policy\/","title":{"rendered":"Politique relative aux cookies"},"content":{"rendered":"\n<p>Cette page fournit des informations pour comprendre la mani\u00e8re dont nous utilisons les cookies sur notre site web. Ceux-ci permettent d&rsquo;am\u00e9liorer votre exp\u00e9rience de navigation, les performances du site et de vous proposer un contenu personnalis\u00e9. <br>Les cookies sont de petits fichiers texte stock\u00e9s sur votre appareil lorsque vous visitez notre site. Ils nous aident \u00e0 comprendre comment les visiteurs interagissent avec notre site web, nous permettant ainsi de vous offrir une exp\u00e9rience utilisateur plus fluide et plus efficace. <br>Le tableau ci-dessous pr\u00e9sente des informations d\u00e9taill\u00e9es sur chaque type de cookie utilis\u00e9, leur finalit\u00e9 et leur dur\u00e9e de conservation sur votre appareil. Nous nous engageons \u00e0 respecter votre vie priv\u00e9e et \u00e0 faire preuve de transparence sur les donn\u00e9es que nous collectons gr\u00e2ce aux cookies. <br><br>Pour plus d&rsquo;informations sur la mani\u00e8re dont nous traitons vos donn\u00e9es personnelles, veuillez consulter notre <a href=\"\" title=\"\">Politique de Confidentialit\u00e9<\/a>.<\/p>\n\n\n<div class=\"wpconsent-cookie-policy\"><h2 class=\"wpconsent-cookie-category-name\">Essentiel<\/h2><p class=\"wpconsent-cookie-category-description\">Les cookies essentiels permettent des fonctions de base et sont n\u00e9cessaires au bon fonctionnement du site Web.<\/p><table class=\"wpconsent-cookie-policy-table\"><tr><th>Name<\/th><th>Description<\/th><th>Duration<\/th><\/tr><tr><td>wpconsent_preferences<\/td><td>This cookie is used to store the user&#039;s cookie consent preferences.<\/td><td>30 days<\/td><\/tr><\/table><h3 class=\"wpconsent-cookie-service-name\">Google reCAPTCHA<\/h3><p class=\"wpconsent-cookie-service-description\">Google reCAPTCHA helps protect websites from spam and abuse by verifying user interactions through challenges.<\/p><table class=\"wpconsent-cookie-policy-table\"><tr><th>Name<\/th><th>Description<\/th><th>Duration<\/th><\/tr><tr><td>_GRECAPTCHA<\/td><td>Google reCAPTCHA sets a necessary cookie (_GRECAPTCHA) when executed for the purpose of providing its risk analysis.<\/td><td>179 days<\/td><\/tr><\/table><h2 class=\"wpconsent-cookie-category-name\">Statistiques<\/h2><p class=\"wpconsent-cookie-category-description\">Les cookies statistiques collectent des informations de mani\u00e8re anonyme. Ces informations nous aident \u00e0 comprendre comment les visiteurs utilisent notre site web.<\/p><h3 class=\"wpconsent-cookie-service-name\">Google Analytics<\/h3><p class=\"wpconsent-cookie-service-description\">Google Analytics is a powerful tool that tracks and analyzes website traffic for informed marketing decisions.<\/p><a href=\"https:\/\/policies.google.com\/privacy\">Learn more<\/a><table class=\"wpconsent-cookie-policy-table\"><tr><th>Name<\/th><th>Description<\/th><th>Duration<\/th><\/tr><tr><td>_gac_<\/td><td>Contains information related to marketing campaigns of the user. These are shared with Google AdWords \/ Google Ads when the Google Ads and Google Analytics accounts are linked together.<\/td><td>90 days<\/td><\/tr><tr><td>__utma<\/td><td>ID used to identify users and sessions<\/td><td>2 years after last activity<\/td><\/tr><tr><td>__utmt<\/td><td>Used to monitor number of Google Analytics server requests<\/td><td>10 minutes<\/td><\/tr><tr><td>__utmb<\/td><td>Used to distinguish new sessions and visits. This cookie is set when the GA.js javascript library is loaded and there is no existing __utmb cookie. The cookie is updated every time data is sent to the Google Analytics server.<\/td><td>30 minutes after last activity<\/td><\/tr><tr><td>__utmc<\/td><td>Used only with old Urchin versions of Google Analytics and not with GA.js. Was used to distinguish between new sessions and visits at the end of a session.<\/td><td>End of session (browser)<\/td><\/tr><tr><td>__utmz<\/td><td>Contains information about the traffic source or campaign that directed user to the website. The cookie is set when the GA.js javascript is loaded and updated when data is sent to the Google Anaytics server<\/td><td>6 months after last activity<\/td><\/tr><tr><td>__utmv<\/td><td>Contains custom information set by the web developer via the _setCustomVar method in Google Analytics. This cookie is updated every time new data is sent to the Google Analytics server.<\/td><td>2 years after last activity<\/td><\/tr><tr><td>__utmx<\/td><td>Used to determine whether a user is included in an A \/ B or Multivariate test.<\/td><td>18 months<\/td><\/tr><tr><td>_ga<\/td><td>ID used to identify users<\/td><td>2 years<\/td><\/tr><tr><td>_gali<\/td><td>Used by Google Analytics to determine which links on a page are being clicked<\/td><td>30 seconds<\/td><\/tr><tr><td>_ga_<\/td><td>ID used to identify users<\/td><td>2 years<\/td><\/tr><tr><td>_gid<\/td><td>ID used to identify users for 24 hours after last activity<\/td><td>24 hours<\/td><\/tr><tr><td>_gat<\/td><td>Used to monitor number of Google Analytics server requests when using Google Tag Manager<\/td><td>1 minute<\/td><\/tr><\/table><\/div>\n","protected":false},"excerpt":{"rendered":"<p>Cette page fournit des informations pour comprendre la mani\u00e8re dont nous utilisons les cookies sur notre site web. Ceux-ci permettent d&rsquo;am\u00e9liorer votre exp\u00e9rience de navigation, les performances du site et de vous proposer un contenu personnalis\u00e9. Les cookies sont de petits fichiers texte stock\u00e9s sur votre appareil lorsque vous visitez notre site. Ils nous aident [&hellip;]<\/p>\n","protected":false},"author":1,"featured_media":0,"parent":0,"menu_order":0,"comment_status":"closed","ping_status":"closed","template":"","meta":{"_exactmetrics_skip_tracking":false,"_exactmetrics_sitenote_active":false,"_exactmetrics_sitenote_note":"","_exactmetrics_sitenote_category":0,"footnotes":""},"class_list":["post-461","page","type-page","status-publish","hentry"],"aioseo_notices":[],"_links":{"self":[{"href":"https:\/\/bibleetjardins.com\/index.php\/wp-json\/wp\/v2\/pages\/461","targetHints":{"allow":["GET"]}}],"collection":[{"href":"https:\/\/bibleetjardins.com\/index.php\/wp-json\/wp\/v2\/pages"}],"about":[{"href":"https:\/\/bibleetjardins.com\/index.php\/wp-json\/wp\/v2\/types\/page"}],"author":[{"embeddable":true,"href":"https:\/\/bibleetjardins.com\/index.php\/wp-json\/wp\/v2\/users\/1"}],"replies":[{"embeddable":true,"href":"https:\/\/bibleetjardins.com\/index.php\/wp-json\/wp\/v2\/comments?post=461"}],"version-history":[{"count":1,"href":"https:\/\/bibleetjardins.com\/index.php\/wp-json\/wp\/v2\/pages\/461\/revisions"}],"predecessor-version":[{"id":464,"href":"https:\/\/bibleetjardins.com\/index.php\/wp-json\/wp\/v2\/pages\/461\/revisions\/464"}],"wp:attachment":[{"href":"https:\/\/bibleetjardins.com\/index.php\/wp-json\/wp\/v2\/media?parent=461"}],"curies":[{"name":"wp","href":"https:\/\/api.w.org\/{rel}","templated":true}]}}