{"id":204,"date":"2020-05-08T19:31:10","date_gmt":"2020-05-08T17:31:10","guid":{"rendered":"http:\/\/bibleetjardins.com\/?page_id=204"},"modified":"2026-02-01T18:43:40","modified_gmt":"2026-02-01T17:43:40","slug":"publications","status":"publish","type":"page","link":"https:\/\/bibleetjardins.com\/index.php\/publications\/","title":{"rendered":"Livres et publications"},"content":{"rendered":"\n<p class=\"has-medium-font-size\" id=\"livres\" style=\"border-style:none;border-width:0px\"><strong>Un premier livre \u00a0\u00bb Bible et Jardins\u00a0\u00bb <\/strong>est en cours d&rsquo;\u00e9criture. Dans cette section, je vous pr\u00e9sente le projet de ce livre.<\/p>\n\n\n\n<p class=\"has-medium-font-size\">Ce livre sera une compilation des chroniques estivales Bible et Jardins diffus\u00e9es sur la Radio RCF Ard\u00e8che et Dr\u00f4me de 2017 \u00e0 2022. Celles-ci seront agr\u00e9ment\u00e9es par des compl\u00e9ments. Le livre sera accompagn\u00e9 d&rsquo;un CD des enregistrements fait avec Vincent Guigon dans les studios de Privas.<\/p>\n\n\n\n<p class=\"has-medium-font-size\">En avant premi\u00e8re, lisez ou \u00e9coutez quatre des chroniques qui se trouveront dans le livre<\/p>\n\n\n\n<figure class=\"wp-block-embed is-type-wp-embed is-provider-bible-et-jardins wp-block-embed-bible-et-jardins\"><div class=\"wp-block-embed__wrapper\">\n<blockquote class=\"wp-embedded-content\" data-secret=\"7vZZ1l2rzL\"><a href=\"https:\/\/bibleetjardins.com\/index.php\/2024\/10\/18\/le-figuier\/\">Le Figuier<\/a><\/blockquote><iframe loading=\"lazy\" class=\"wp-embedded-content\" sandbox=\"allow-scripts\" security=\"restricted\" style=\"position: absolute; visibility: hidden;\" title=\"\u00ab\u00a0Le Figuier\u00a0\u00bb &#8212; Bible et Jardins\" src=\"https:\/\/bibleetjardins.com\/index.php\/2024\/10\/18\/le-figuier\/embed\/#?secret=Z2o45jXJOH#?secret=7vZZ1l2rzL\" data-secret=\"7vZZ1l2rzL\" width=\"500\" height=\"282\" frameborder=\"0\" marginwidth=\"0\" marginheight=\"0\" scrolling=\"no\"><\/iframe>\n<\/div><figcaption class=\"wp-element-caption\">Cette chronique estivale a \u00e9t\u00e9 la premi\u00e8re a \u00eatre diffus\u00e9e sur la <a href=\"https:\/\/www.rcf.fr\/\">radio RCF<\/a> Ard\u00e8che et RCF Dr\u00f4me sera pr\u00e9sente dans le <a href=\"https:\/\/bibleetjardins.com\/index.php\/publications\/\">livre \u00ab\u00a0Bible et Jardins\u00a0\u00bb<\/a> en cours d&rsquo;\u00e9criture.<\/figcaption><\/figure>\n\n\n\n<figure class=\"wp-block-embed is-type-wp-embed is-provider-bible-et-jardins wp-block-embed-bible-et-jardins\"><div class=\"wp-block-embed__wrapper\">\n<blockquote class=\"wp-embedded-content\" data-secret=\"jPKzXgVAMG\"><a href=\"https:\/\/bibleetjardins.com\/index.php\/2024\/10\/17\/lolivier\/\">L&rsquo;Olivier<\/a><\/blockquote><iframe loading=\"lazy\" class=\"wp-embedded-content\" sandbox=\"allow-scripts\" security=\"restricted\" style=\"position: absolute; visibility: hidden;\" title=\"\u00ab\u00a0L&rsquo;Olivier\u00a0\u00bb &#8212; Bible et Jardins\" src=\"https:\/\/bibleetjardins.com\/index.php\/2024\/10\/17\/lolivier\/embed\/#?secret=IxmxJiCLrD#?secret=jPKzXgVAMG\" data-secret=\"jPKzXgVAMG\" width=\"500\" height=\"282\" frameborder=\"0\" marginwidth=\"0\" marginheight=\"0\" scrolling=\"no\"><\/iframe>\n<\/div><figcaption class=\"wp-element-caption\">Chronique Bible et Jardins diffus\u00e9e sur RCF Dr\u00f4me et Ard\u00e8che en 2017 et 2022<\/figcaption><\/figure>\n\n\n\n<figure class=\"wp-block-embed is-type-wp-embed is-provider-bible-et-jardins wp-block-embed-bible-et-jardins\"><div class=\"wp-block-embed__wrapper\">\n<blockquote class=\"wp-embedded-content\" data-secret=\"VPkqsU8Gyp\"><a href=\"https:\/\/bibleetjardins.com\/index.php\/2024\/10\/19\/le-ble\/\">Le Bl\u00e9<\/a><\/blockquote><iframe loading=\"lazy\" class=\"wp-embedded-content\" sandbox=\"allow-scripts\" security=\"restricted\" style=\"position: absolute; visibility: hidden;\" title=\"\u00ab\u00a0Le Bl\u00e9\u00a0\u00bb &#8212; Bible et Jardins\" src=\"https:\/\/bibleetjardins.com\/index.php\/2024\/10\/19\/le-ble\/embed\/#?secret=hzdnw9FvlZ#?secret=VPkqsU8Gyp\" data-secret=\"VPkqsU8Gyp\" width=\"500\" height=\"282\" frameborder=\"0\" marginwidth=\"0\" marginheight=\"0\" scrolling=\"no\"><\/iframe>\n<\/div><figcaption class=\"wp-element-caption\">Cette chronique met l&rsquo;accent sur l&rsquo;importance du bl\u00e9 pour nourrir le monde<\/figcaption><\/figure>\n\n\n\n<figure class=\"wp-block-embed is-type-wp-embed is-provider-bible-et-jardins wp-block-embed-bible-et-jardins\"><div class=\"wp-block-embed__wrapper\">\n<blockquote class=\"wp-embedded-content\" data-secret=\"VqE953zqSX\"><a href=\"https:\/\/bibleetjardins.com\/index.php\/2024\/10\/20\/le-papyrus\/\">Le Papyrus<\/a><\/blockquote><iframe loading=\"lazy\" class=\"wp-embedded-content\" sandbox=\"allow-scripts\" security=\"restricted\" style=\"position: absolute; visibility: hidden;\" title=\"\u00ab\u00a0Le Papyrus\u00a0\u00bb &#8212; Bible et Jardins\" src=\"https:\/\/bibleetjardins.com\/index.php\/2024\/10\/20\/le-papyrus\/embed\/#?secret=P9M8DBawRO#?secret=VqE953zqSX\" data-secret=\"VqE953zqSX\" width=\"500\" height=\"282\" frameborder=\"0\" marginwidth=\"0\" marginheight=\"0\" scrolling=\"no\"><\/iframe>\n<\/div><figcaption class=\"wp-element-caption\">Le bulbe du Papyrus (bulbos) a donn\u00e9 les noms : biblioth\u00e8que et bible<\/figcaption><\/figure>\n","protected":false},"excerpt":{"rendered":"<p>Un premier livre \u00a0\u00bb Bible et Jardins\u00a0\u00bb est en cours d&rsquo;\u00e9criture. Dans cette section, je vous pr\u00e9sente le projet de ce livre. Ce livre sera une compilation des chroniques estivales Bible et Jardins diffus\u00e9es sur la Radio RCF Ard\u00e8che et Dr\u00f4me de 2017 \u00e0 2022. Celles-ci seront agr\u00e9ment\u00e9es par des compl\u00e9ments. Le livre sera accompagn\u00e9 [&hellip;]<\/p>\n","protected":false},"author":1,"featured_media":293,"parent":0,"menu_order":1,"comment_status":"closed","ping_status":"closed","template":"","meta":{"_exactmetrics_skip_tracking":false,"_exactmetrics_sitenote_active":false,"_exactmetrics_sitenote_note":"","_exactmetrics_sitenote_category":0,"footnotes":""},"class_list":["post-204","page","type-page","status-publish","has-post-thumbnail","hentry"],"aioseo_notices":[],"_links":{"self":[{"href":"https:\/\/bibleetjardins.com\/index.php\/wp-json\/wp\/v2\/pages\/204","targetHints":{"allow":["GET"]}}],"collection":[{"href":"https:\/\/bibleetjardins.com\/index.php\/wp-json\/wp\/v2\/pages"}],"about":[{"href":"https:\/\/bibleetjardins.com\/index.php\/wp-json\/wp\/v2\/types\/page"}],"author":[{"embeddable":true,"href":"https:\/\/bibleetjardins.com\/index.php\/wp-json\/wp\/v2\/users\/1"}],"replies":[{"embeddable":true,"href":"https:\/\/bibleetjardins.com\/index.php\/wp-json\/wp\/v2\/comments?post=204"}],"version-history":[{"count":17,"href":"https:\/\/bibleetjardins.com\/index.php\/wp-json\/wp\/v2\/pages\/204\/revisions"}],"predecessor-version":[{"id":520,"href":"https:\/\/bibleetjardins.com\/index.php\/wp-json\/wp\/v2\/pages\/204\/revisions\/520"}],"wp:featuredmedia":[{"embeddable":true,"href":"https:\/\/bibleetjardins.com\/index.php\/wp-json\/wp\/v2\/media\/293"}],"wp:attachment":[{"href":"https:\/\/bibleetjardins.com\/index.php\/wp-json\/wp\/v2\/media?parent=204"}],"curies":[{"name":"wp","href":"https:\/\/api.w.org\/{rel}","templated":true}]}}